{"id":420,"date":"2019-05-14T13:49:17","date_gmt":"2019-05-14T13:49:17","guid":{"rendered":"http:\/\/ecommerce.divittoriolattanzio.it\/wp\/?page_id=420"},"modified":"2021-01-19T18:08:08","modified_gmt":"2021-01-19T18:08:08","slug":"h","status":"publish","type":"page","link":"https:\/\/ecommerce.divittoriolattanzio.it\/ecommerce\/","title":{"rendered":"E-Commerce a scuola: DL Space"},"content":{"rendered":"<ul class=\"wp-block-gallery aligncenter columns-1 is-cropped wp-block-gallery-1 is-layout-flex wp-block-gallery-is-layout-flex\"><li class=\"blocks-gallery-item\"><figure><img loading=\"lazy\" decoding=\"async\" width=\"1024\" height=\"420\" src=\"https:\/\/www.divittoriolattanzio.it\/ecommerce\/wp-content\/uploads\/2019\/05\/1-1024x420.jpg\" alt=\"\" data-id=\"500\" data-link=\"https:\/\/www.divittoriolattanzio.it\/ecommerce\/h\/1-2\/\" class=\"wp-image-500\" srcset=\"https:\/\/ecommerce.divittoriolattanzio.it\/ecommerce\/wp-content\/uploads\/2019\/05\/1-1024x420.jpg 1024w, https:\/\/ecommerce.divittoriolattanzio.it\/ecommerce\/wp-content\/uploads\/2019\/05\/1-300x123.jpg 300w, https:\/\/ecommerce.divittoriolattanzio.it\/ecommerce\/wp-content\/uploads\/2019\/05\/1-768x315.jpg 768w, https:\/\/ecommerce.divittoriolattanzio.it\/ecommerce\/wp-content\/uploads\/2019\/05\/1-600x246.jpg 600w, https:\/\/ecommerce.divittoriolattanzio.it\/ecommerce\/wp-content\/uploads\/2019\/05\/1.jpg 1127w\" sizes=\"(max-width: 1024px) 100vw, 1024px\" \/><figcaption> <br><strong>Istituto di Istruzione Superiore I.T.C. Di Vittorio &#8211; I.T.I. Lattanzio<\/strong> <\/figcaption><\/figure><\/li><\/ul><p>\u00a0<\/p>\n<p align=\"justify\">Questo sito \u00e8 il frutto del progetto di Alternanza Scuola Lavoro \u201cE-COMMERCE \u2026 A SCUOLA!\u201d che ha avuto come obiettivo quello di sviluppare un laboratorio permanente di apprendimento sul COMMERCIO DIGITALE presentato dal nostro Istituto DI VITTORIO \u2013 LATTANZIO e finanziato dai Fondi Strutturali Europei gestiti dal PON (Programma Operativo Nazionale) \u201cPer la Scuola \u2013 competenze e ambienti per l\u2019apprendimento\u201d, che possa con il tempo trasformarsi in una vera realta\u0300 in grado di autofinanziarsi e interagire con il territorio circostante, diventando quindi un Laboratorio Territoriale per l&#8217;occupabilita\u0300 di tipo Scuola Impresa.<\/p>\n<p align=\"justify\">DL SPACE \u00e8 una piattaforma di E-Commerce riservata agli studenti del nostro Istituto, finalizzata ad agevolare le interazioni degli studenti e loro famiglie, con particolare riferimento alle seguenti funzionalit\u00e0 e servizi: <strong>compra-vendita<\/strong> di <strong>libri<\/strong> o di <strong>merchandising relativo\u00a0<\/strong><b>all&#8217;istituto<\/b>, alla consultazione di annunci selezionati dedicata alle <strong>ripetizioni e aiuto compiti<\/strong>, dove gli alunni possono <strong>cercare<\/strong> docenti qualificati ma anche proporsi ai propri compagni delle classi inferiori come tutor e\/o peer-educator. E&#8217; inoltre presente una sezione in cui \u00e8 possibile ordinare, dal listino del nostro fornitore, la merenda della ricreazione, ottimizzando cos\u00ec tempi ed evitando sprechi.<\/p>\n<p align=\"justify\">A supporto di una pi\u00f9 ampia funzionalit\u00e0, oltre al portale web \u00e8 stata sviluppata anche un&#8217;APP per l&#8217;accesso ai servizi da mobile.<\/p>\n<p class=\"western\" align=\"justify\"><br \/><br \/><\/p>","protected":false},"excerpt":{"rendered":"<p>\u00a0 Questo sito \u00e8 il frutto del progetto di Alternanza Scuola Lavoro \u201cE-COMMERCE \u2026 A SCUOLA!\u201d che ha avuto come obiettivo quello di sviluppare un laboratorio permanente di apprendimento sul COMMERCIO DIGITALE presentato dal nostro Istituto DI VITTORIO \u2013 LATTANZIO e finanziato dai Fondi Strutturali Europei gestiti dal PON (Programma Operativo Nazionale) \u201cPer la Scuola [&hellip;]<\/p>\n","protected":false},"author":82,"featured_media":0,"parent":0,"menu_order":0,"comment_status":"closed","ping_status":"closed","template":"","meta":{"_glsr_average":0,"_glsr_ranking":0,"_glsr_reviews":0,"footnotes":""},"class_list":["post-420","page","type-page","status-publish","hentry"],"_links":{"self":[{"href":"https:\/\/ecommerce.divittoriolattanzio.it\/ecommerce\/wp-json\/wp\/v2\/pages\/420"}],"collection":[{"href":"https:\/\/ecommerce.divittoriolattanzio.it\/ecommerce\/wp-json\/wp\/v2\/pages"}],"about":[{"href":"https:\/\/ecommerce.divittoriolattanzio.it\/ecommerce\/wp-json\/wp\/v2\/types\/page"}],"author":[{"embeddable":true,"href":"https:\/\/ecommerce.divittoriolattanzio.it\/ecommerce\/wp-json\/wp\/v2\/users\/82"}],"replies":[{"embeddable":true,"href":"https:\/\/ecommerce.divittoriolattanzio.it\/ecommerce\/wp-json\/wp\/v2\/comments?post=420"}],"version-history":[{"count":27,"href":"https:\/\/ecommerce.divittoriolattanzio.it\/ecommerce\/wp-json\/wp\/v2\/pages\/420\/revisions"}],"predecessor-version":[{"id":1646,"href":"https:\/\/ecommerce.divittoriolattanzio.it\/ecommerce\/wp-json\/wp\/v2\/pages\/420\/revisions\/1646"}],"wp:attachment":[{"href":"https:\/\/ecommerce.divittoriolattanzio.it\/ecommerce\/wp-json\/wp\/v2\/media?parent=420"}],"curies":[{"name":"wp","href":"https:\/\/api.w.org\/{rel}","templated":true}]}}